{"id":632,"date":"2025-04-22T20:43:08","date_gmt":"2025-04-22T20:43:08","guid":{"rendered":"https:\/\/fernandicas.com\/nosotros\/"},"modified":"2025-09-04T17:09:52","modified_gmt":"2025-09-04T17:09:52","slug":"fernandicas-ropa","status":"publish","type":"page","link":"https:\/\/fernandicas.com\/ca\/fernandicas-ropa\/","title":{"rendered":"Nosotros"},"content":{"rendered":"<section class=\"header_curvy1_30_1 background-1-light\" id=\"\" data-block-id=\"69e386579180069e3865791801\" data-block-name=\"acf\/header-curvy1-30-1\" data-post-id=\"632\" data-stable-id=\"block_a8736d5aaf182f93d8b3656b8c3a7bf2\">\r\n    <div class=\"container\">\r\n        <div class=\"row\">\r\n            <div class=\"col\">\r\n                                <h1 class=\"tamano1 color-1-headings-dark\">Fernandicas <\/h1>\r\n            <\/div>\r\n        <\/div>\r\n    <\/div>\r\n<\/section>\r\n<style>\r\n    .header_curvy1_30_1 .col .subtitulo {\r\n        text-align: center;\r\n        padding-bottom: 25px;\r\n    }\r\n\r\n    .header_curvy1_30_1 .col h1 {\r\n        text-align: center;\r\n    }\r\n\r\n    .header_curvy1_30_1 .col {\r\n        max-width: 1230px;\r\n        margin: 0 auto;\r\n    }\r\n\r\n    .header_curvy1_30_1 {\r\n        padding: 200px 0 55px 0;\r\n    }\r\n\r\n    @media (max-width:1200px) {\r\n        .header_curvy1_30_1 {\r\n            padding: 120px 0 35px 0;\r\n        }\r\n    }\r\n\r\n    @media (max-width:768px) {\r\n        .header_curvy1_30_1 h1 {\r\n            line-height: var(--tamano3-line-height);\r\n        }\r\n\r\n        .header_curvy1_30_1 {\r\n            padding: 100px 0 40px;\r\n        }\r\n    }\r\n<\/style>\r\n\n\n<section class=\"about_ecommerce_curvy1_2_2 background-1-dark\" id=\"\" data-block-id=\"69e386579260969e386579260a\" data-block-name=\"acf\/about-ecommerce-curvy1-2-2\" data-post-id=\"632\" data-stable-id=\"block_409367c584cb92e0811dd241bcdbcf61\">\r\n    <div class=\"container\">\r\n        <div class=\"row\">\r\n            <div class=\"col col-imagen\">\r\n                                <img decoding=\"async\" src=\"https:\/\/fernandicas.com\/wp-content\/uploads\/2025\/04\/Leonardo_Vision_XL_Diseo_de_un_top_floral_para_mujer_con_fondo_1.jpg\" alt=\"\" title=\"Leonardo_Vision_XL_Diseo_de_un_top_floral_para_mujer_con_fondo_1\">\r\n                            <\/div>\r\n            <div class=\"col col-texto\">\r\n                                                                <h3 class=\"tamano4 color-2-headings-light\">Fernandicas no es solo un nombre, es una parte de nuestra historia.<\/h3>\r\n                                                <div class=\"texto tamano7 color-2-body-light\"><p data-start=\"161\" data-end=\"553\">Desde peque\u00f1as, nuestra t\u00eda nos llamaba as\u00ed con cari\u00f1o: Fernandicas. Era su manera dulce de unir nuestro apellido, Fern\u00e1ndez, con el amor y la complicidad que siempre nos rodearon en familia. Un apodo que nos recordaba lo importantes que \u00e9ramos las unas para las otras, un s\u00edmbolo de identidad, de ra\u00edces, de afecto.<\/p>\n<p data-start=\"555\" data-end=\"896\">Con los a\u00f1os, ese nombre dej\u00f3 de ser solo un apodo infantil para convertirse en una filosof\u00eda de vida. Porque Fernandicas es eso: nunca olvidar qui\u00e9nes somos, de d\u00f3nde venimos y todo aquello que nos hace aut\u00e9nticas. Hoy llevamos ese nombre con orgullo, como un homenaje a nuestra historia y a todas las mujeres que inspiran nuestro camino.<\/p>\n<p data-start=\"898\" data-end=\"1326\">En <strong data-start=\"901\" data-end=\"916\">Fernandicas<\/strong>, no solo vendemos ropa. Creamos experiencias, emociones, peque\u00f1os momentos de felicidad que comienzan cuando te reconoces frente al espejo. Cada una de nuestras prendas est\u00e1 dise\u00f1ada con amor, cuidado y atenci\u00f3n a los detalles, pensando en ti y en lo que te hace \u00fanica. Queremos que te sientas c\u00f3moda, segura y aut\u00e9ntica, que cada pieza resalte lo mejor de ti, adapt\u00e1ndose a tu personalidad y estilo propio.<\/p>\n<p data-start=\"1328\" data-end=\"1575\">Amamos la moda de calidad, la creatividad y la autenticidad. Por eso, detr\u00e1s de cada colecci\u00f3n hay una historia y una intenci\u00f3n: acercarte ropa que no solo sea bonita, sino que tambi\u00e9n cuente qui\u00e9n eres, que hable de tu fuerza y tu sensibilidad.<\/p>\n<p data-start=\"1577\" data-end=\"1664\"><strong data-start=\"1577\" data-end=\"1662\">Gracias por formar parte de nuestra historia. Gracias por ser una Fernandica m\u00e1s.<\/strong><\/p>\n<\/div>\r\n                                                            <\/div>\r\n        <\/div>\r\n    <\/div>\r\n<\/section>\r\n<style>\r\n    .about_ecommerce_curvy1_2_2 .row .col-texto h3 {\r\n        padding-bottom: 10px;\r\n    }\r\n\r\n    .about_ecommerce_curvy1_2_2 .row .col-texto {\r\n        max-width: 40%;\r\n        width: 100%;\r\n    }\r\n\r\n    .about_ecommerce_curvy1_2_2 .row {\r\n        display: flex;\r\n        flex-direction: row;\r\n        justify-content: space-between;\r\n        align-items: center;\r\n    }\r\n\r\n    .about_ecommerce_curvy1_2_2 .texto *:last-child {\r\n        padding-bottom: 0;\r\n    }\r\n\r\n    .about_ecommerce_curvy1_2_2 .col-imagen {\r\n        max-width: 50%;\r\n        width: 100%;\r\n    }\r\n\r\n    .about_ecommerce_curvy1_2_2 img {\r\n        width: 100%;\r\n        border-radius: 30px;\r\n    }\r\n    \r\n    .about_ecommerce_curvy1_2_2 .texto:not(:last-child) {\r\n        padding-bottom: 50px;\r\n    }\r\n\r\n    .about_ecommerce_curvy1_2_2 .texto * {\r\n        padding-bottom: 20px;\r\n    }\r\n\r\n    .about_ecommerce_curvy1_2_2 {\r\n        padding: 80px 150px;\r\n        position: relative;\r\n    }\r\n\r\n    @media (max-width:1750px) {\r\n        .about_ecommerce_curvy1_2_2 {\r\n            padding-left: 50px;\r\n            padding-right: 50px;\r\n        }\r\n    }\r\n\r\n    @media (max-width:1350px) {\r\n        .about_ecommerce_curvy1_2_2 .row .col-texto {\r\n            max-width: 50%;\r\n        }\r\n\r\n        .about_ecommerce_curvy1_2_2 {\r\n            padding-left: 0;\r\n            padding-right: 0;\r\n        }\r\n    }\r\n\r\n    @media (max-width:992px) {\r\n        .about_ecommerce_curvy1_2_2 .texto {\r\n            padding-bottom: 35px;\r\n        }\r\n\r\n        .about_ecommerce_curvy1_2_2 .row .col-texto,\r\n        .about_ecommerce_curvy1_2_2 .col-imagen {\r\n            max-width: 100%;\r\n        }\r\n\r\n        .about_ecommerce_curvy1_2_2 .row {\r\n            flex-direction: column;\r\n            gap: 35px;\r\n        }\r\n\r\n        .about_ecommerce_curvy1_2_2 .row .col-texto {\r\n            max-width: 100%;\r\n        }\r\n\r\n        .about_ecommerce_curvy1_2_2 {\r\n            padding: 40px 0;\r\n        }\r\n    }\r\n<\/style>\r\n\n\n<section class=\"cta_curvy1_3_1_2 background-1-light\" id=\"\" data-block-id=\"69e386579522b69e386579522d\" data-block-name=\"acf\/cta-curvy1-3-1-2\" data-post-id=\"632\" data-stable-id=\"block_6585ecb495ba2dec239f17cf7f11f042\">\r\n    <div class=\"container\">\r\n        <div class=\"row\">\r\n            <div class=\"col\">\r\n                <div class=\"inner background-1-dark\">\r\n                                        <div class=\"titulo\">\r\n                        <h2 class=\"tamano3 color-2-headings-light\"><span class=\"ez-toc-section\" id=\"Descubre_nuestra_coleccion\"><\/span>Descubre nuestra colecci\u00f3n<span class=\"ez-toc-section-end\"><\/span><\/h2>\r\n                    <\/div>\r\n                                                            <div class=\"texto color-2-body-light tamano7\"><p>Aqu\u00ed comienza tu camino como Fernandica. Cada colecci\u00f3n es una invitaci\u00f3n a descubrir qui\u00e9n eres a trav\u00e9s de la moda: piezas pensadas para resaltar tu autenticidad y acompa\u00f1arte en cada momento especial. D\u00e9jate llevar y haz de cada prenda parte de tu historia.<\/p>\n<\/div>\r\n                                                                <div class=\"ctas\">\r\n                                                            <a href=\"https:\/\/fernandicas.com\/?contenido-global=tienda-categorias-padre\" target=\"\" class=\"btn-round tamano-7-mediumcta color-boton-3-texto-normal color-boton-3-texto-hover color-boton-3-normal color-boton-3-hover\">\r\n    \r\n    <span>Ver la colecci\u00f3n<\/span>\r\n<\/a>\r\n\r\n<style>\r\n    .btn-border-rounded {\r\n        border-radius: 12px !important;\r\n    }\r\n\r\n    .btn-border-square {\r\n        border-radius: 0 !important;\r\n    }\r\n\r\n    \/* Estilos de hover *\/\r\n    .btn-hover-hover1:hover {\r\n        filter: contrast(0.55);\r\n    }\r\n\r\n    .btn-hover-hover2:hover {\r\n        filter: sepia(2);\r\n    }\r\n\r\n    \/* Estilos del icono cuando existe *\/\r\n    a i {\r\n        margin-right: 8px;\r\n        font-size: 16px;\r\n    }\r\n\r\n    \/* Icono Lucide *\/\r\n    .btn-icon--lucide {\r\n        display: inline-flex;\r\n        align-items: center;\r\n        justify-content: center;\r\n        margin-right: 8px;\r\n    }\r\n\r\n    .btn-icon--lucide svg {\r\n        width: 16px;\r\n        height: 16px;\r\n        display: block;\r\n    }\r\n<\/style>\r\n                                                    <\/div>\r\n                                    <\/div>\r\n            <\/div>\r\n        <\/div>\r\n    <\/div>\r\n<\/section>\r\n<style>\r\n    .cta_curvy1_3_1_2 .inner {\r\n        display: flex;\r\n        gap: 30px;\r\n        border-radius: 30px;\r\n        align-items: center;\r\n        padding: 55px 150px;\r\n        justify-content: space-between;\r\n    }\r\n\r\n     .cta_curvy1_3_1_2 .titulo {\r\n        max-width: 430px;\r\n        width: 100%;\r\n    }\r\n\r\n    .cta_curvy1_3_1_2 .texto {\r\n        max-width: 660px;\r\n        text-align: left;\r\n        width: 100%;\r\n    }\r\n\r\n    .cta_curvy1_3_1_2 {\r\n        padding: 80px 0;\r\n        position: relative;\r\n    }\r\n\r\n    .cta_curvy1_3_1_2 .btn-round {\r\n        border-radius: 60px;\r\n        padding: 15px 30px;\r\n        display: inline-block;\r\n        text-align: center;\r\n        transition: all ease .3s;\r\n        text-decoration: none;\r\n        min-width: 278px;\r\n        display: flex;\r\n        align-items: center;\r\n        justify-content: center;\r\n    }\r\n\r\n    @media (max-width:1750px) {\r\n        .cta_curvy1_3_1_2 .texto {\r\n            max-width: 500px;\r\n        }\r\n    }\r\n\r\n    @media (max-width:1600px) {\r\n        .cta_curvy1_3_1_2 .inner {\r\n            padding-left: 50px;\r\n            padding-right: 50px;\r\n        }\r\n    }\r\n\r\n    @media (max-width:1400px) {\r\n        .cta_curvy1_3_1_2 .texto {\r\n            max-width: 100%;\r\n        }\r\n\r\n        .cta_curvy1_3_1_2 .titulo {\r\n            width: 100%;\r\n        }\r\n    }\r\n\r\n    @media (max-width:1200px) {\r\n        .cta_curvy1_3_1_2 .inner {\r\n            padding-left: 15px;\r\n            padding-right: 15px;\r\n        }\r\n    }\r\n\r\n    @media (max-width:992px) {\r\n        .cta_curvy1_3_1_2 .col .inner {\r\n            border-radius: 30px;\r\n            flex-direction: column;\r\n            align-items: center;\r\n            justify-content: center;\r\n        }\r\n\r\n         .cta_curvy1_3_1_2 .col .inner>* {\r\n            width: 100%;\r\n            max-width: 100%;\r\n            text-align: left;\r\n        }\r\n\r\n        .cta_curvy1_3_1_2 .inner {\r\n            padding: 33px 23px;\r\n        }\r\n\r\n        .cta_curvy1_3_1_2 .col .ctas {\r\n            display: flex;\r\n            align-items: center;\r\n            justify-content: start;\r\n        }\r\n\r\n        .cta_curvy1_3_1_2 .col {\r\n            flex-direction: column;\r\n            justify-content: center;\r\n            align-items: center;\r\n        }\r\n\r\n        .cta_curvy1_3_1_2 {\r\n            padding: 40px 0;\r\n        }\r\n\r\n        .cta_curvy1_3_1_2 .btn-round {\r\n            min-width: 240px\r\n        }\r\n\r\n        .cta_curvy1_3_1_2 .titulo h2 {\r\n            line-height: var(--tamano5-line-height);\r\n        }\r\n    }\r\n<\/style>\r\n\n\n<section class=\"googlereviews_masonry_1_1 background-1-light\" data-block-id=\"69e386579685a69e386579685b\" data-block-name=\"acf\/googlereviews-masonry-1-1\" data-post-id=\"632\" data-stable-id=\"block_003d8d01d1da6c9f119aff11860a8ce7\">\r\n    <div class=\"container\">\r\n        <div class=\"row\">\r\n                        <div class=\"col col-top\">\r\n                <div class=\"left\">\r\n                    <h2 class=\"tamano3 color-3-headings-dark\"><span class=\"ez-toc-section\" id=\"%C2%BFQue_dicen_las_que_ya_nos_conocen\"><\/span>\u00bfQu\u00e9 dicen las que ya nos conocen?<span class=\"ez-toc-section-end\"><\/span><\/h2>\r\n                <\/div>\r\n                <div class=\"right\">\r\n                                    <\/div>\r\n            <\/div>\r\n                        <div class=\"col\">\r\n                <pre class=\"ti-widget\" style=\"display: none\"><template id=\"trustindex-google-widget-html\"><div class=\" ti-widget  ti-goog ti-review-text-mode-readmore ti-text-align-left\" data-no-translation=\"true\" data-time-locale=\"hace %d %s|hoy|d\u00eda|d\u00edas|semana|semanas|mes|meses|a\u00f1o|a\u00f1os\" data-plugin-version=\"13.2.9\" data-layout-id=\"4\" data-layout-category=\"slider\" data-set-id=\"light-background\" data-pid=\"\" data-language=\"es\" data-close-locale=\"Cerca\" data-review-target-width=\"300\" data-css-version=\"2\" data-reply-by-locale=\"Respuesta del propietario\" data-only-rating-locale=\"Esta usuario solo dej\u00f3 una calificaci\u00f3n.\" data-pager-autoplay-timeout=\"6\"> <div class=\"ti-widget-container ti-col-3\"> <div class=\"ti-reviews-container\"> <div class=\"ti-controls\"> <div class=\"ti-next\" aria-label=\"Siguiente rese\u00f1a\" role=\"button\" tabindex=\"0\"><\/div> <div class=\"ti-prev\" aria-label=\"Rese\u00f1a anterior\" role=\"button\" tabindex=\"0\"><\/div> <\/div> <div class=\"ti-reviews-container-wrapper\">  <div data-empty=\"0\" data-time=\"1741219200\" class=\"ti-review-item source-Google ti-image-layout-thumbnail\" data-id=\"cfcd208495d565ef66e7dff9f98764da\"> <div class=\"ti-inner\"> <div class=\"ti-review-header\"> <div class=\"ti-platform-icon ti-with-tooltip\"> <span class=\"ti-tooltip\">Publicado en <\/span> <trustindex-image data-imgurl=\"https:\/\/cdn.trustindex.io\/assets\/platform\/Google\/icon.svg\" alt=\"\" width=\"20\" height=\"20\" loading=\"lazy\"><\/trustindex-image> <\/div> <div class=\"ti-profile-img\"> <trustindex-image data-imgurl=\"https:\/\/lh3.googleusercontent.com\/a\/ACg8ocIfzmBNcb1XH621w6BAScbxnwpUhAbI6ffJqHERiPb8ulCWZQ=w40-h40-c-rp-mo-ba3-br100\" alt=\"Radu Sirb George profile picture\" loading=\"lazy\"><\/trustindex-image> <\/div> <div class=\"ti-profile-details\"> <div class=\"ti-name\"> Radu Sirb George <\/div> <div class=\"ti-date\"><\/div> <\/div> <\/div> <span class=\"ti-stars\"><trustindex-image class=\"ti-star\" data-imgurl=\"https:\/\/cdn.trustindex.io\/assets\/platform\/Google\/star\/f.svg\" alt=\"Google star 1\" width=\"17\" height=\"17\" loading=\"lazy\"><\/trustindex-image><trustindex-image class=\"ti-star\" data-imgurl=\"https:\/\/cdn.trustindex.io\/assets\/platform\/Google\/star\/f.svg\" alt=\"Google star 2\" width=\"17\" height=\"17\" loading=\"lazy\"><\/trustindex-image><trustindex-image class=\"ti-star\" data-imgurl=\"https:\/\/cdn.trustindex.io\/assets\/platform\/Google\/star\/f.svg\" alt=\"Google star 3\" width=\"17\" height=\"17\" loading=\"lazy\"><\/trustindex-image><trustindex-image class=\"ti-star\" data-imgurl=\"https:\/\/cdn.trustindex.io\/assets\/platform\/Google\/star\/f.svg\" alt=\"Google star 4\" width=\"17\" height=\"17\" loading=\"lazy\"><\/trustindex-image><trustindex-image class=\"ti-star\" data-imgurl=\"https:\/\/cdn.trustindex.io\/assets\/platform\/Google\/star\/f.svg\" alt=\"Google star 5\" width=\"17\" height=\"17\" loading=\"lazy\"><\/trustindex-image><span class=\"ti-verified-review ti-verified-platform\"><span class=\"ti-verified-tooltip\">Trustindex verifica que la fuente original de la rese\u00f1a sea Google.<\/span><\/span><\/span> <div class=\"ti-review-text-container ti-review-content\"><!-- R-CONTENT -->Bonita tienda ! Bueno Bonito y Buen Precio. Gracias por el buen\u00edsimo trato !<!-- R-CONTENT --><\/div> <span class=\"ti-read-more\" data-container=\".ti-review-content\" data-collapse-text=\"Ocultar\" data-open-text=\"Leer m\u00e1s\"><\/span> <\/div> <\/div>  <div data-empty=\"0\" data-time=\"1737676800\" class=\"ti-review-item source-Google ti-image-layout-thumbnail\" data-id=\"cfcd208495d565ef66e7dff9f98764da\"> <div class=\"ti-inner\"> <div class=\"ti-review-header\"> <div class=\"ti-platform-icon ti-with-tooltip\"> <span class=\"ti-tooltip\">Publicado en <\/span> <trustindex-image data-imgurl=\"https:\/\/cdn.trustindex.io\/assets\/platform\/Google\/icon.svg\" alt=\"\" width=\"20\" height=\"20\" loading=\"lazy\"><\/trustindex-image> <\/div> <div class=\"ti-profile-img\"> <trustindex-image data-imgurl=\"https:\/\/lh3.googleusercontent.com\/a\/ACg8ocKUL7wDxrG4ED-upg6Uf72emDr3lfA-HJMP2_L4RHk-e9WKGw=w40-h40-c-rp-mo-ba4-br100\" alt=\"Maes Roma profile picture\" loading=\"lazy\"><\/trustindex-image> <\/div> <div class=\"ti-profile-details\"> <div class=\"ti-name\"> Maes Roma <\/div> <div class=\"ti-date\"><\/div> <\/div> <\/div> <span class=\"ti-stars\"><trustindex-image class=\"ti-star\" data-imgurl=\"https:\/\/cdn.trustindex.io\/assets\/platform\/Google\/star\/f.svg\" alt=\"Google star 1\" width=\"17\" height=\"17\" loading=\"lazy\"><\/trustindex-image><trustindex-image class=\"ti-star\" data-imgurl=\"https:\/\/cdn.trustindex.io\/assets\/platform\/Google\/star\/f.svg\" alt=\"Google star 2\" width=\"17\" height=\"17\" loading=\"lazy\"><\/trustindex-image><trustindex-image class=\"ti-star\" data-imgurl=\"https:\/\/cdn.trustindex.io\/assets\/platform\/Google\/star\/f.svg\" alt=\"Google star 3\" width=\"17\" height=\"17\" loading=\"lazy\"><\/trustindex-image><trustindex-image class=\"ti-star\" data-imgurl=\"https:\/\/cdn.trustindex.io\/assets\/platform\/Google\/star\/f.svg\" alt=\"Google star 4\" width=\"17\" height=\"17\" loading=\"lazy\"><\/trustindex-image><trustindex-image class=\"ti-star\" data-imgurl=\"https:\/\/cdn.trustindex.io\/assets\/platform\/Google\/star\/f.svg\" alt=\"Google star 5\" width=\"17\" height=\"17\" loading=\"lazy\"><\/trustindex-image><span class=\"ti-verified-review ti-verified-platform\"><span class=\"ti-verified-tooltip\">Trustindex verifica que la fuente original de la rese\u00f1a sea Google.<\/span><\/span><\/span> <div class=\"ti-review-text-container ti-review-content\"><!-- R-CONTENT -->Bona qualitat, preu adequat,  tracte immillorable.<!-- R-CONTENT --><\/div> <span class=\"ti-read-more\" data-container=\".ti-review-content\" data-collapse-text=\"Ocultar\" data-open-text=\"Leer m\u00e1s\"><\/span> <\/div> <\/div>  <\/div> <div class=\"ti-controls-line\"> <div class=\"dot\"><\/div> <\/div> <\/div>    <\/div> <\/div> <\/template><\/pre><div data-src=\"https:\/\/cdn.trustindex.io\/loader.js?wp-widget\" data-template-id=\"trustindex-google-widget-html\" data-css-url=\"https:\/\/fernandicas.com\/wp-content\/uploads\/trustindex-google-widget.css?1776175877\"><\/div>            <\/div>\r\n        <\/div>\r\n    <\/div>\r\n<\/section>\r\n<style>\r\n    .googlereviews_masonry_1_1 .col-top *> {\r\n        width: calc(50% - 15px);\r\n    }\r\n\r\n    .googlereviews_masonry_1_1 .col-top {\r\n        display: flex;\r\n        align-items: center;\r\n        gap: 30px;\r\n        justify-content: space-between;\r\n        padding-bottom: 50px;\r\n    }\r\n\r\n    .googlereviews_masonry_1_1 .btn-round {\r\n        border-radius: 60px;\r\n        padding: 12px 25px;\r\n        display: inline-block;\r\n        min-width: 333px;\r\n        text-align: center;\r\n        text-decoration: none;\r\n    }\r\n\r\n    .googlereviews_masonry_1_1 {\r\n        padding: 80px 0;\r\n    }\r\n\r\n    .googlereviews_masonry_1_1 .ti-widget.ti-goog.ti-disable-font .ti-widget-container,\r\n    .googlereviews_masonry_1_1 .ti-widget.ti-goog.ti-disable-font .ti-widget-container *,\r\n    .googlereviews_masonry_1_1 .ti-widget.ti-goog.ti-disable-font .ti-enable-widget {\r\n        font-family: var(--tamano-7-mediumcta-font-family) !important;\r\n    }\r\n\r\n    @media(max-width:1200px) {\r\n        .googlereviews_masonry_1_1 {\r\n            padding: 40px 0;\r\n        }\r\n    }\r\n<\/style>\r\n","protected":false},"excerpt":{"rendered":"","protected":false},"author":1,"featured_media":0,"parent":0,"menu_order":6,"comment_status":"open","ping_status":"closed","template":"","meta":{"_acf_changed":false,"iawp_total_views":3,"footnotes":""},"class_list":["post-632","page","type-page","status-publish","hentry"],"acf":[],"yoast_head":"<!-- This site is optimized with the Yoast SEO plugin v27.4 - https:\/\/yoast.com\/product\/yoast-seo-wordpress\/ -->\n<title>Fernandicas - Tendencias de Moda Femenina<\/title>\n<meta name=\"description\" content=\"Descubre las \u00faltimas tendencias y accesorios en moda femenina. Explora novedades y reviews para estar siempre a la vanguardia.\" \/>\n<meta name=\"robots\" content=\"index, follow, max-snippet:-1, max-image-preview:large, max-video-preview:-1\" \/>\n<link rel=\"canonical\" href=\"https:\/\/fernandicas.com\/ca\/fernandicas-ropa\/\" \/>\n<meta property=\"og:locale\" content=\"ca_ES\" \/>\n<meta property=\"og:type\" content=\"article\" \/>\n<meta property=\"og:title\" content=\"Fernandicas - Tendencias de Moda Femenina\" \/>\n<meta property=\"og:description\" content=\"Descubre las \u00faltimas tendencias y accesorios en moda femenina. Explora novedades y reviews para estar siempre a la vanguardia.\" \/>\n<meta property=\"og:url\" content=\"https:\/\/fernandicas.com\/ca\/fernandicas-ropa\/\" \/>\n<meta property=\"og:site_name\" content=\"Fernandicas\" \/>\n<meta property=\"article:modified_time\" content=\"2025-09-04T17:09:52+00:00\" \/>\n<meta name=\"twitter:card\" content=\"summary_large_image\" \/>\n<!-- \/ Yoast SEO plugin. -->","yoast_head_json":{"title":"Fernandicas - Tendencias de Moda Femenina","description":"Descubre las \u00faltimas tendencias y accesorios en moda femenina. Explora novedades y reviews para estar siempre a la vanguardia.","robots":{"index":"index","follow":"follow","max-snippet":"max-snippet:-1","max-image-preview":"max-image-preview:large","max-video-preview":"max-video-preview:-1"},"canonical":"https:\/\/fernandicas.com\/ca\/fernandicas-ropa\/","og_locale":"ca_ES","og_type":"article","og_title":"Fernandicas - Tendencias de Moda Femenina","og_description":"Descubre las \u00faltimas tendencias y accesorios en moda femenina. Explora novedades y reviews para estar siempre a la vanguardia.","og_url":"https:\/\/fernandicas.com\/ca\/fernandicas-ropa\/","og_site_name":"Fernandicas","article_modified_time":"2025-09-04T17:09:52+00:00","twitter_card":"summary_large_image","schema":{"@context":"https:\/\/schema.org","@graph":[{"@type":"WebPage","@id":"https:\/\/fernandicas.com\/ca\/fernandicas-ropa\/","url":"https:\/\/fernandicas.com\/ca\/fernandicas-ropa\/","name":"Fernandicas - Tendencias de Moda Femenina","isPartOf":{"@id":"https:\/\/fernandicas.com\/ca\/#website"},"datePublished":"2025-04-22T20:43:08+00:00","dateModified":"2025-09-04T17:09:52+00:00","description":"Descubre las \u00faltimas tendencias y accesorios en moda femenina. Explora novedades y reviews para estar siempre a la vanguardia.","breadcrumb":{"@id":"https:\/\/fernandicas.com\/ca\/fernandicas-ropa\/#breadcrumb"},"inLanguage":"ca","potentialAction":[{"@type":"ReadAction","target":["https:\/\/fernandicas.com\/ca\/fernandicas-ropa\/"]}]},{"@type":"BreadcrumbList","@id":"https:\/\/fernandicas.com\/ca\/fernandicas-ropa\/#breadcrumb","itemListElement":[{"@type":"ListItem","position":1,"name":"Portada","item":"https:\/\/fernandicas.com\/ca\/"},{"@type":"ListItem","position":2,"name":"Nosotros"}]},{"@type":"WebSite","@id":"https:\/\/fernandicas.com\/ca\/#website","url":"https:\/\/fernandicas.com\/ca\/","name":"Fernandicas","description":"","publisher":{"@id":"https:\/\/fernandicas.com\/ca\/#organization"},"potentialAction":[{"@type":"SearchAction","target":{"@type":"EntryPoint","urlTemplate":"https:\/\/fernandicas.com\/ca\/?s={search_term_string}"},"query-input":{"@type":"PropertyValueSpecification","valueRequired":true,"valueName":"search_term_string"}}],"inLanguage":"ca"},{"@type":"Organization","@id":"https:\/\/fernandicas.com\/ca\/#organization","name":"Fernandicas","url":"https:\/\/fernandicas.com\/ca\/","logo":{"@type":"ImageObject","inLanguage":"ca","@id":"https:\/\/fernandicas.com\/ca\/#\/schema\/logo\/image\/","url":"https:\/\/fernandicas.com\/wp-content\/uploads\/2025\/04\/6807eded5d27b_logo-fernandicas-scaled.png","contentUrl":"https:\/\/fernandicas.com\/wp-content\/uploads\/2025\/04\/6807eded5d27b_logo-fernandicas-scaled.png","width":2560,"height":1091,"caption":"Fernandicas"},"image":{"@id":"https:\/\/fernandicas.com\/ca\/#\/schema\/logo\/image\/"}}]}},"_links":{"self":[{"href":"https:\/\/fernandicas.com\/ca\/wp-json\/wp\/v2\/pages\/632","targetHints":{"allow":["GET"]}}],"collection":[{"href":"https:\/\/fernandicas.com\/ca\/wp-json\/wp\/v2\/pages"}],"about":[{"href":"https:\/\/fernandicas.com\/ca\/wp-json\/wp\/v2\/types\/page"}],"author":[{"embeddable":true,"href":"https:\/\/fernandicas.com\/ca\/wp-json\/wp\/v2\/users\/1"}],"replies":[{"embeddable":true,"href":"https:\/\/fernandicas.com\/ca\/wp-json\/wp\/v2\/comments?post=632"}],"version-history":[{"count":5,"href":"https:\/\/fernandicas.com\/ca\/wp-json\/wp\/v2\/pages\/632\/revisions"}],"predecessor-version":[{"id":1152,"href":"https:\/\/fernandicas.com\/ca\/wp-json\/wp\/v2\/pages\/632\/revisions\/1152"}],"wp:attachment":[{"href":"https:\/\/fernandicas.com\/ca\/wp-json\/wp\/v2\/media?parent=632"}],"curies":[{"name":"wp","href":"https:\/\/api.w.org\/{rel}","templated":true}]}}